{"id":119050,"date":"2022-02-05T15:39:24","date_gmt":"2022-02-05T14:39:24","guid":{"rendered":"https:\/\/www.alna-gmbh.com\/page-daccueil\/"},"modified":"2022-02-05T15:39:24","modified_gmt":"2022-02-05T14:39:24","slug":"page-daccueil","status":"publish","type":"page","link":"https:\/\/www.alna-gmbh.com\/fr\/","title":{"rendered":"Page d&rsquo;accueil"},"content":{"rendered":"","protected":false},"excerpt":{"rendered":"","protected":false},"author":1,"featured_media":0,"parent":0,"menu_order":0,"comment_status":"closed","ping_status":"closed","template":"homepage.php","meta":{"_acf_changed":false,"footnotes":""},"class_list":["post-119050","page","type-page","status-publish","hentry"],"acf":[],"yoast_head":"<!-- This site is optimized with the Yoast SEO plugin v27.0 - https:\/\/yoast.com\/product\/yoast-seo-wordpress\/ -->\n<title>Page d&#039;accueil - ALNA GmbH<\/title>\n<meta name=\"description\" content=\"Le vaste programme de livraison d&#039;ALNA GmbH se concentre en grande partie sur la fourniture de pi\u00e8ces d\u00e9tach\u00e9es, de pi\u00e8ces de rechange et de pi\u00e8ces d&#039;usure pour la technique agricole.\" \/>\n<meta name=\"robots\" content=\"index, follow, max-snippet:-1, max-image-preview:large, max-video-preview:-1\" \/>\n<link rel=\"canonical\" href=\"https:\/\/www.alna-gmbh.com\/fr\/page-daccueil\/\" \/>\n<meta property=\"og:locale\" content=\"fr_FR\" \/>\n<meta property=\"og:type\" content=\"article\" \/>\n<meta property=\"og:title\" content=\"Page d&#039;accueil - ALNA GmbH\" \/>\n<meta property=\"og:description\" content=\"Le vaste programme de livraison d&#039;ALNA GmbH se concentre en grande partie sur la fourniture de pi\u00e8ces d\u00e9tach\u00e9es, de pi\u00e8ces de rechange et de pi\u00e8ces d&#039;usure pour la technique agricole.\" \/>\n<meta property=\"og:url\" content=\"https:\/\/www.alna-gmbh.com\/fr\/page-daccueil\/\" \/>\n<meta property=\"og:site_name\" content=\"ALNA GmbH\" \/>\n<meta name=\"twitter:card\" content=\"summary_large_image\" \/>\n<script type=\"application\/ld+json\" class=\"yoast-schema-graph\">{\"@context\":\"https:\/\/schema.org\",\"@graph\":[{\"@type\":\"WebPage\",\"@id\":\"https:\/\/www.alna-gmbh.com\/fr\/page-daccueil\/\",\"url\":\"https:\/\/www.alna-gmbh.com\/fr\/page-daccueil\/\",\"name\":\"Page d'accueil - ALNA GmbH\",\"isPartOf\":{\"@id\":\"https:\/\/www.alna-gmbh.com\/#website\"},\"datePublished\":\"2022-02-05T14:39:24+00:00\",\"description\":\"Le vaste programme de livraison d'ALNA GmbH se concentre en grande partie sur la fourniture de pi\u00e8ces d\u00e9tach\u00e9es, de pi\u00e8ces de rechange et de pi\u00e8ces d'usure pour la technique agricole.\",\"breadcrumb\":{\"@id\":\"https:\/\/www.alna-gmbh.com\/fr\/page-daccueil\/#breadcrumb\"},\"inLanguage\":\"fr-FR\",\"potentialAction\":[{\"@type\":\"ReadAction\",\"target\":[\"https:\/\/www.alna-gmbh.com\/fr\/page-daccueil\/\"]}]},{\"@type\":\"BreadcrumbList\",\"@id\":\"https:\/\/www.alna-gmbh.com\/fr\/page-daccueil\/#breadcrumb\",\"itemListElement\":[{\"@type\":\"ListItem\",\"position\":1,\"name\":\"Startseite\",\"item\":\"https:\/\/www.alna-gmbh.com\/fr\/page-daccueil\/\"},{\"@type\":\"ListItem\",\"position\":2,\"name\":\"Page d&#8217;accueil\"}]},{\"@type\":\"WebSite\",\"@id\":\"https:\/\/www.alna-gmbh.com\/#website\",\"url\":\"https:\/\/www.alna-gmbh.com\/\",\"name\":\"ALNA GmbH\",\"description\":\"\",\"potentialAction\":[{\"@type\":\"SearchAction\",\"target\":{\"@type\":\"EntryPoint\",\"urlTemplate\":\"https:\/\/www.alna-gmbh.com\/?s={search_term_string}\"},\"query-input\":{\"@type\":\"PropertyValueSpecification\",\"valueRequired\":true,\"valueName\":\"search_term_string\"}}],\"inLanguage\":\"fr-FR\"}]}<\/script>\n<!-- \/ Yoast SEO plugin. -->","yoast_head_json":{"title":"Page d'accueil - ALNA GmbH","description":"Le vaste programme de livraison d'ALNA GmbH se concentre en grande partie sur la fourniture de pi\u00e8ces d\u00e9tach\u00e9es, de pi\u00e8ces de rechange et de pi\u00e8ces d'usure pour la technique agricole.","robots":{"index":"index","follow":"follow","max-snippet":"max-snippet:-1","max-image-preview":"max-image-preview:large","max-video-preview":"max-video-preview:-1"},"canonical":"https:\/\/www.alna-gmbh.com\/fr\/page-daccueil\/","og_locale":"fr_FR","og_type":"article","og_title":"Page d'accueil - ALNA GmbH","og_description":"Le vaste programme de livraison d'ALNA GmbH se concentre en grande partie sur la fourniture de pi\u00e8ces d\u00e9tach\u00e9es, de pi\u00e8ces de rechange et de pi\u00e8ces d'usure pour la technique agricole.","og_url":"https:\/\/www.alna-gmbh.com\/fr\/page-daccueil\/","og_site_name":"ALNA GmbH","twitter_card":"summary_large_image","schema":{"@context":"https:\/\/schema.org","@graph":[{"@type":"WebPage","@id":"https:\/\/www.alna-gmbh.com\/fr\/page-daccueil\/","url":"https:\/\/www.alna-gmbh.com\/fr\/page-daccueil\/","name":"Page d'accueil - ALNA GmbH","isPartOf":{"@id":"https:\/\/www.alna-gmbh.com\/#website"},"datePublished":"2022-02-05T14:39:24+00:00","description":"Le vaste programme de livraison d'ALNA GmbH se concentre en grande partie sur la fourniture de pi\u00e8ces d\u00e9tach\u00e9es, de pi\u00e8ces de rechange et de pi\u00e8ces d'usure pour la technique agricole.","breadcrumb":{"@id":"https:\/\/www.alna-gmbh.com\/fr\/page-daccueil\/#breadcrumb"},"inLanguage":"fr-FR","potentialAction":[{"@type":"ReadAction","target":["https:\/\/www.alna-gmbh.com\/fr\/page-daccueil\/"]}]},{"@type":"BreadcrumbList","@id":"https:\/\/www.alna-gmbh.com\/fr\/page-daccueil\/#breadcrumb","itemListElement":[{"@type":"ListItem","position":1,"name":"Startseite","item":"https:\/\/www.alna-gmbh.com\/fr\/page-daccueil\/"},{"@type":"ListItem","position":2,"name":"Page d&#8217;accueil"}]},{"@type":"WebSite","@id":"https:\/\/www.alna-gmbh.com\/#website","url":"https:\/\/www.alna-gmbh.com\/","name":"ALNA GmbH","description":"","potentialAction":[{"@type":"SearchAction","target":{"@type":"EntryPoint","urlTemplate":"https:\/\/www.alna-gmbh.com\/?s={search_term_string}"},"query-input":{"@type":"PropertyValueSpecification","valueRequired":true,"valueName":"search_term_string"}}],"inLanguage":"fr-FR"}]}},"_links":{"self":[{"href":"https:\/\/www.alna-gmbh.com\/fr\/wp-json\/wp\/v2\/pages\/119050","targetHints":{"allow":["GET"]}}],"collection":[{"href":"https:\/\/www.alna-gmbh.com\/fr\/wp-json\/wp\/v2\/pages"}],"about":[{"href":"https:\/\/www.alna-gmbh.com\/fr\/wp-json\/wp\/v2\/types\/page"}],"author":[{"embeddable":true,"href":"https:\/\/www.alna-gmbh.com\/fr\/wp-json\/wp\/v2\/users\/1"}],"replies":[{"embeddable":true,"href":"https:\/\/www.alna-gmbh.com\/fr\/wp-json\/wp\/v2\/comments?post=119050"}],"version-history":[{"count":0,"href":"https:\/\/www.alna-gmbh.com\/fr\/wp-json\/wp\/v2\/pages\/119050\/revisions"}],"wp:attachment":[{"href":"https:\/\/www.alna-gmbh.com\/fr\/wp-json\/wp\/v2\/media?parent=119050"}],"curies":[{"name":"wp","href":"https:\/\/api.w.org\/{rel}","templated":true}]}}